{"id":34,"date":"2020-05-17T22:50:29","date_gmt":"2020-05-17T20:50:29","guid":{"rendered":"https:\/\/psnw.com.de\/wp\/?page_id=34"},"modified":"2020-08-19T11:59:34","modified_gmt":"2020-08-19T09:59:34","slug":"impressum-kontakt","status":"publish","type":"page","link":"https:\/\/www.weise-its.com\/?page_id=34","title":{"rendered":"Impressum\/Kontakt"},"content":{"rendered":"<h4 style=\"text-align: center;\"><b>Gesch\u00e4ftszeiten:<\/b><\/h4>\n<h4 style=\"text-align: center;\"><b>Montag-Freitag<\/b><\/h4>\n<h4 style=\"text-align: center;\"><b>9:00 &#8211; 18:00 Uhr<\/b><\/h4>\n<h4 style=\"text-align: center;\"><b>Samstags<\/b><\/h4>\n<h4 style=\"text-align: center;\"><b>10:00 &#8211; 16:00 Uhr<\/b><\/h4>\n<h4 style=\"text-align: center;\"><\/h4>\n<h4 style=\"text-align: center;\"><b>Telefon: 02306 \/ 30 46 49 8<\/b><\/h4>\n<h4 style=\"text-align: center;\"><\/h4>\n<h4 style=\"text-align: center;\"><b>Mobil: 0151 \/ 15 15 85 95<\/b><\/h4>\n<h4 style=\"text-align: center;\"><\/h4>\n<h4 style=\"text-align: center;\"><b>Email: <a href=\"&#109;&#097;&#105;&#108;&#116;&#111;&#058;&#115;&#101;&#114;&#118;&#105;&#099;&#101;&#064;&#119;&#101;&#105;&#115;&#101;&#045;&#105;&#116;&#115;&#046;&#099;&#111;&#109;\">Service@weise-its.com<\/a><br \/>\n<\/b><\/h4>\n<p>&nbsp;<\/p>\n<h2 style=\"text-align: center;\"><strong>Impressum<\/strong><\/h2>\n<p>Sebastian Weise<br \/>\nKnappenweg 38<br \/>\n44534 L\u00fcnen<br \/>\nFon: 023063046498<br \/>\nE-Mail: service(at)weise-its.com<br \/>\nInternet: https:\/\/www.weise-its.com<\/p>\n<p><b>Haftungshinweis: Trotz sorgf\u00e4ltiger inhaltlicher Kontrolle \u00dcbernehmen wir keine Haftung f\u00fcr die Inhalte externer Links. F\u00fcr den Inhalt der verlinkten Seiten sind ausschlie\u00dflich deren Betreiber verantwortlich. <\/b><\/p>\n","protected":false},"excerpt":{"rendered":"<p>Gesch\u00e4ftszeiten: Montag-Freitag 9:00 &#8211; 18:00 Uhr Samstags 10:00 &#8211; 16:00 Uhr Telefon: 02306 \/ 30 46 49 8 Mobil: 0151 \/ 15 15 85 95 Email: Service@weise-its.com &nbsp; Impressum Sebastian Weise Knappenweg 38 44534 L\u00fcnen Fon: 023063046498 E-Mail: service(at)weise-its.com Internet: https:\/\/www.weise-its.com Haftungshinweis: Trotz sorgf\u00e4ltiger inhaltlicher Kontrolle \u00dcbernehmen wir keine Haftung f\u00fcr die Inhalte externer Links.<\/p><\/div>\n<div class=\"blog-btn\"><a href=\"https:\/\/www.weise-its.com\/?page_id=34\" class=\"home-blog-btn\">Weiterlesen<\/a><\/p>\n","protected":false},"author":1,"featured_media":0,"parent":0,"menu_order":0,"comment_status":"closed","ping_status":"closed","template":"template\/template-page-full-width.php","meta":{"footnotes":""},"_links":{"self":[{"href":"https:\/\/www.weise-its.com\/index.php?rest_route=\/wp\/v2\/pages\/34"}],"collection":[{"href":"https:\/\/www.weise-its.com\/index.php?rest_route=\/wp\/v2\/pages"}],"about":[{"href":"https:\/\/www.weise-its.com\/index.php?rest_route=\/wp\/v2\/types\/page"}],"author":[{"embeddable":true,"href":"https:\/\/www.weise-its.com\/index.php?rest_route=\/wp\/v2\/users\/1"}],"replies":[{"embeddable":true,"href":"https:\/\/www.weise-its.com\/index.php?rest_route=%2Fwp%2Fv2%2Fcomments&post=34"}],"version-history":[{"count":7,"href":"https:\/\/www.weise-its.com\/index.php?rest_route=\/wp\/v2\/pages\/34\/revisions"}],"predecessor-version":[{"id":92,"href":"https:\/\/www.weise-its.com\/index.php?rest_route=\/wp\/v2\/pages\/34\/revisions\/92"}],"wp:attachment":[{"href":"https:\/\/www.weise-its.com\/index.php?rest_route=%2Fwp%2Fv2%2Fmedia&parent=34"}],"curies":[{"name":"wp","href":"https:\/\/api.w.org\/{rel}","templated":true}]}}